{"id":18074,"date":"2017-06-29T14:05:12","date_gmt":"2017-06-29T14:05:12","guid":{"rendered":"http:\/\/www.aranaarquitectos.es\/?page_id=18074"},"modified":"2023-09-18T20:16:25","modified_gmt":"2023-09-18T20:16:25","slug":"el-estudio","status":"publish","type":"page","link":"https:\/\/aranaarquitectos.com\/index.php\/el-estudio\/","title":{"rendered":"El estudio"},"content":{"rendered":"<section class=\"wpb-content-wrapper\"><p>[vc_row force_equal_height_columns=\u00bbmain_row\u00bb align_content_vertically=\u00bboff\u00bb][vc_column width=\u00bb1\/2&#8243; css=\u00bb.vc_custom_1498818304835{padding-right: 5% !important;padding-left: 5% !important;background-color: #d8d8d8 !important;}\u00bb]<div class=\"ult-spacer spacer-6a096ddfaa103\" data-id=\"6a096ddfaa103\" data-height=\"60\" data-height-mobile=\"40\" data-height-tab=\"60\" data-height-tab-portrait=\"\" data-height-mobile-landscape=\"\" style=\"clear:both;display:block;\"><\/div>[vc_single_image image=\u00bb18113&#8243; img_size=\u00bb\u00bb css=\u00bb.vc_custom_1498822687562{padding-bottom: 5px !important;padding-left: 20px !important;}\u00bb]<div class=\"dfd-heading-shortcode\"><div class=\"dfd-heading-module-wrap  text-left style_01 dfd-heading-6a096ddfaa164 dfd-enable-resposive-headings\" id=\"dfd-heading-6a096ddfaa164\" ><div class=\"inline-block\"><div class=\"dfd-heading-module\"><h5 class=\"widget-title dfd-title \" style=\"font-family:Quicksand; font-weight:300; font-style:normal; font-size: 25px; color: #5b5b5b !important; line-height: 30px; \">ARANA SAN SEBASTI\u00c1N<\/h5><\/div><\/div><\/div><script type=\"text\/javascript\">\r\n\t\t\t\t\t\t\t\t\t(function($) {\r\n\t\t\t\t\t\t\t\t\t\t$(\"head\").append(\"<style>.dfd-heading-6a096ddfaa164.dfd-heading-module-wrap .dfd-heading-module .dfd-heading-delimiter {margin-top:10px;margin-bottom:10px;}<\/style>\");\r\n\t\t\t\t\t\t\t\t\t})(jQuery);\r\n\t\t\t\t\t\t\t\t<\/script><\/div>[vc_single_image image=\u00bb18114&#8243; img_size=\u00bb\u00bb css=\u00bb.vc_custom_1498821256357{padding-top: 3px !important;padding-left: 20px !important;}\u00bb]<div class=\"ult-spacer spacer-6a096ddfaa2e8\" data-id=\"6a096ddfaa2e8\" data-height=\"20\" data-height-mobile=\"10\" data-height-tab=\"20\" data-height-tab-portrait=\"\" data-height-mobile-landscape=\"\" style=\"clear:both;display:block;\"><\/div><div class=\"dfd-heading-shortcode\"><div class=\"dfd-heading-module-wrap arquitectura text-left style_01 dfd-heading-6a096ddfaa324 dfd-enable-resposive-headings\" id=\"dfd-heading-6a096ddfaa324\" ><div class=\"inline-block\"><div class=\"dfd-heading-module\"><h3 class=\"widget-title dfd-title \" style=\"color: #5b5b5b !important; \">Somos una empresa de servicios de arquitectura cuya misi\u00f3n es ofrecer soluciones integrales de arquitectura para la construcci\u00f3n y edificaci\u00f3n, tanto en el sector de la obra nueva como en la rehabilitaci\u00f3n.<\/h3><div class=\"dfd-heading-delimiter\"><\/div><\/div><\/div><\/div><script type=\"text\/javascript\">\r\n\t\t\t\t\t\t\t\t\t(function($) {\r\n\t\t\t\t\t\t\t\t\t\t$(\"head\").append(\"<style>.dfd-heading-6a096ddfaa324.dfd-heading-module-wrap .dfd-heading-module .dfd-heading-delimiter {border-bottom-style:solid;border-bottom-width:1px;width:100px;border-bottom-color:#969696;}.dfd-heading-6a096ddfaa324.dfd-heading-module-wrap .dfd-heading-module .dfd-heading-delimiter {margin-top:20px;margin-bottom:15px;}<\/style>\");\r\n\t\t\t\t\t\t\t\t\t})(jQuery);\r\n\t\t\t\t\t\t\t\t<\/script><\/div><div class=\"dfd-heading-shortcode\"><div class=\"dfd-heading-module-wrap arquitectura text-left style_01 dfd-heading-6a096ddfaa3af dfd-enable-resposive-headings\" id=\"dfd-heading-6a096ddfaa3af\" ><div class=\"inline-block\"><div class=\"dfd-heading-module\"><h3 class=\"widget-title dfd-title \" style=\"color: #5b5b5b !important; \"><\/p>\n<p class=\"p1\">Estamos altamente especializados en obras de intervenci\u00f3n sobre edificios existentes, con gran experiencia y reconocimiento en las rehabilitaciones integrales de edificios, reformas de fachadas y cubiertas, instalaci\u00f3n de ascensores, refuerzos de estructuras e informes periciales sobre patolog\u00edas de la edificaci\u00f3n.<\/p>\n<p><\/h3><div class=\"dfd-heading-delimiter\"><\/div><\/div><\/div><\/div><script type=\"text\/javascript\">\r\n\t\t\t\t\t\t\t\t\t(function($) {\r\n\t\t\t\t\t\t\t\t\t\t$(\"head\").append(\"<style>.dfd-heading-6a096ddfaa3af.dfd-heading-module-wrap .dfd-heading-module .dfd-heading-delimiter {border-bottom-style:solid;border-bottom-width:1px;width:100px;border-bottom-color:#969696;}.dfd-heading-6a096ddfaa3af.dfd-heading-module-wrap .dfd-heading-module .dfd-heading-delimiter {margin-top:20px;margin-bottom:15px;}<\/style>\");\r\n\t\t\t\t\t\t\t\t\t})(jQuery);\r\n\t\t\t\t\t\t\t\t<\/script><\/div><div class=\"dfd-heading-shortcode\"><div class=\"dfd-heading-module-wrap arquitectura text-left style_01 dfd-heading-6a096ddfaa42c dfd-enable-resposive-headings\" id=\"dfd-heading-6a096ddfaa42c\" ><div class=\"inline-block\"><div class=\"dfd-heading-module\"><h3 class=\"widget-title dfd-title \" style=\"color: #5b5b5b !important; \"><\/p>\n<p class=\"p1\">Consideramos clave la fiabilidad tanto desde el punto de vista t\u00e9cnico como desde el punto de vista del nivel de servicio. Por ello la calidad de nuestro trabajo est\u00e1 avalada por premios otorgados por el Colegio Oficial Arquitectos Vasco Navarro (<em>Mejor Obra de Rehabilitaci\u00f3n<\/em> del a\u00f1o 2002 en el Pa\u00eds Vasco y Navarra) por el Museo de Bellas Artes de Bilbao; concursos de rehabilitaci\u00f3n ganados como el \u00e1rea de restauraci\u00f3n de la Alh\u00f3ndiga, rehabilitaci\u00f3n de las oficinas del Parque Tecnol\u00f3gico de Zamudio Saretek o la rehabilitaci\u00f3n del faro y Centro de Interpretaci\u00f3n de la Pesca de Lekeitio.<\/p>\n<p><\/h3><\/div><\/div><\/div><script type=\"text\/javascript\">\r\n\t\t\t\t\t\t\t\t\t(function($) {\r\n\t\t\t\t\t\t\t\t\t\t$(\"head\").append(\"<style>.dfd-heading-6a096ddfaa42c.dfd-heading-module-wrap .dfd-heading-module .dfd-heading-delimiter {margin-top:10px;margin-bottom:10px;}<\/style>\");\r\n\t\t\t\t\t\t\t\t\t})(jQuery);\r\n\t\t\t\t\t\t\t\t<\/script><\/div><div class=\"ult-spacer spacer-6a096ddfaa482\" data-id=\"6a096ddfaa482\" data-height=\"40\" data-height-mobile=\"30\" data-height-tab=\"40\" data-height-tab-portrait=\"\" data-height-mobile-landscape=\"\" style=\"clear:both;display:block;\"><\/div>[vc_single_image image=\u00bb18137&#8243; img_size=\u00bb583&#215;309&#8243; alignment=\u00bbcenter\u00bb css_animation=\u00bbfadeInUp\u00bb]<div class=\"ult-spacer spacer-6a096ddfaa48c\" data-id=\"6a096ddfaa48c\" data-height=\"20\" data-height-mobile=\"10\" data-height-tab=\"20\" data-height-tab-portrait=\"\" data-height-mobile-landscape=\"\" style=\"clear:both;display:block;\"><\/div>[\/vc_column][vc_column width=\u00bb1\/2&#8243; css=\u00bb.vc_custom_1498818375734{padding-right: 5% !important;padding-left: 5% !important;}\u00bb]<div class=\"ult-spacer spacer-6a096ddfaa495\" data-id=\"6a096ddfaa495\" data-height=\"60\" data-height-mobile=\"40\" data-height-tab=\"60\" data-height-tab-portrait=\"\" data-height-mobile-landscape=\"\" style=\"clear:both;display:block;\"><\/div>[vc_single_image image=\u00bb18113&#8243; img_size=\u00bb\u00bb css=\u00bb.vc_custom_1498819723688{padding-bottom: 5px !important;padding-left: 20px !important;}\u00bb]<div class=\"dfd-heading-shortcode\"><div class=\"dfd-heading-module-wrap  text-left style_01 dfd-heading-6a096ddfaa4be dfd-enable-resposive-headings\" id=\"dfd-heading-6a096ddfaa4be\" ><div class=\"inline-block\"><div class=\"dfd-heading-module\"><h5 class=\"widget-title dfd-title \" style=\"font-family:Quicksand; font-weight:300; font-style:normal; font-size: 25px; color: #5b5b5b !important; line-height: 30px; \">ARQUITECTOS<\/h5><\/div><\/div><\/div><script type=\"text\/javascript\">\r\n\t\t\t\t\t\t\t\t\t(function($) {\r\n\t\t\t\t\t\t\t\t\t\t$(\"head\").append(\"<style>.dfd-heading-6a096ddfaa4be.dfd-heading-module-wrap .dfd-heading-module .dfd-heading-delimiter {margin-top:10px;margin-bottom:10px;}<\/style>\");\r\n\t\t\t\t\t\t\t\t\t})(jQuery);\r\n\t\t\t\t\t\t\t\t<\/script><\/div>[vc_single_image image=\u00bb18114&#8243; img_size=\u00bb\u00bb css=\u00bb.vc_custom_1498821288568{padding-top: 3px !important;padding-left: 20px !important;}\u00bb]<div class=\"ult-spacer spacer-6a096ddfaa52c\" data-id=\"6a096ddfaa52c\" data-height=\"20\" data-height-mobile=\"10\" data-height-tab=\"20\" data-height-tab-portrait=\"\" data-height-mobile-landscape=\"\" style=\"clear:both;display:block;\"><\/div><div class=\"dfd-heading-shortcode\"><div class=\"dfd-heading-module-wrap arquitectura text-left style_01 dfd-heading-6a096ddfaa557 dfd-enable-resposive-headings\" id=\"dfd-heading-6a096ddfaa557\" ><div class=\"inline-block\"><div class=\"dfd-heading-module\"><h3 class=\"widget-title dfd-title \" style=\"color: #5b5b5b !important; \"><strong>BORJA ARANA SAN SEBASTI\u00c1N<\/strong> | \u00a0Titulado 1991<\/p>\n<p class=\"p1\">Arquitecto colegiado n\u00ba CSCAE: 241040<\/p>\n<p>&nbsp;<\/p>\n<p class=\"p1\"><strong>1992<\/strong><span class=\"Apple-converted-space\">\u00a0 |<\/span>\u00a0T\u00edtulo de Arquitecto por la Universidad de Navarra (E.T.S.A.U.N.) en la especialidad de Urbanismo.<\/p>\n<p class=\"p1\"><strong>1993<\/strong> | Colegiaci\u00f3n en el Colegio Oficial de Arquitectos Vasco Navarro.<\/p>\n<p class=\"p1\"><strong>1992-97<\/strong> | Colaboraciones en diferentes estudios de arquitectura: Estudio de Lu\u00eds Mar\u00eda Uriarte Aldaiturriaga, Josu Aurrekoetxea e I\u00f1aki Aurrekoetxea (AUA Arkitektoak).<\/p>\n<p class=\"p1\"><strong>1997<\/strong> | Fundaci\u00f3n de su propio estudio de arquitectura.<\/p>\n<p class=\"p1\"><strong>2000<\/strong> | Funda la sociedad Foraster Arana, S.L. junto a Jos\u00e9 Ram\u00f3n Foraster Bastida.<\/p>\n<p class=\"p1\"><strong>2003<\/strong> | Funda la sociedad Arana San Sebasti\u00e1n Arquitectos, S.L.P., en la que hasta la actualidad viene desarrollando su ejercicio profesional.<\/p>\n<p class=\"p1\"><strong>2006-08<\/strong> | Estudio de arquitectura A54 Arquitectos junto a Fernando Ortega, Eugenio de la Torre, Ibon Ibarlucea y Marina Dur\u00e1n.<\/p>\n<p><\/h3><div class=\"dfd-heading-delimiter\"><\/div><\/div><\/div><\/div><script type=\"text\/javascript\">\r\n\t\t\t\t\t\t\t\t\t(function($) {\r\n\t\t\t\t\t\t\t\t\t\t$(\"head\").append(\"<style>.dfd-heading-6a096ddfaa557.dfd-heading-module-wrap .dfd-heading-module .dfd-heading-delimiter {border-bottom-style:solid;border-bottom-width:1px;width:100px;border-bottom-color:#969696;}.dfd-heading-6a096ddfaa557.dfd-heading-module-wrap .dfd-heading-module .dfd-heading-delimiter {margin-top:20px;margin-bottom:15px;}<\/style>\");\r\n\t\t\t\t\t\t\t\t\t})(jQuery);\r\n\t\t\t\t\t\t\t\t<\/script><\/div><div class=\"dfd-heading-shortcode\"><div class=\"dfd-heading-module-wrap arquitectura text-left style_01 dfd-heading-6a096ddfaa5cd dfd-enable-resposive-headings\" id=\"dfd-heading-6a096ddfaa5cd\" ><div class=\"inline-block\"><div class=\"dfd-heading-module\"><h3 class=\"widget-title dfd-title \" style=\"color: #5b5b5b !important; \"><\/p>\n<p class=\"p1\"><strong>LEYRE P\u00c9REZ VIVANCO<\/strong> | Titulada 2003<\/p>\n<p class=\"p1\"><strong>ARRATE CORT\u00c1ZAR BERRIOZ\u00c1BAL<\/strong> | Titulada 2006<\/p>\n<p class=\"p1\"><strong>MAITE MART\u00cdNEZ BARRERA<\/strong> | Titulada 2006<\/p>\n<p class=\"p1\"><strong>ZURI\u00d1E UNZUETA MU\u00d1OYERRO<\/strong> | Titulada 2009<\/p>\n<p class=\"p1\"><strong>PATRICIA VALIENTE RASTROLLO<\/strong> | Titulada 2013<\/p>\n<p class=\"p1\"><strong>SONIA CARNERO SAN PEDRO<\/strong> | Titulada 2013<\/p>\n<p class=\"p1\"><strong>ALBERTO SANTAMAR\u00cdA RU\u00cdZ<\/strong> | Titulado 2014<\/p>\n<p><\/h3><\/div><\/div><\/div><script type=\"text\/javascript\">\r\n\t\t\t\t\t\t\t\t\t(function($) {\r\n\t\t\t\t\t\t\t\t\t\t$(\"head\").append(\"<style>.dfd-heading-6a096ddfaa5cd.dfd-heading-module-wrap .dfd-heading-module .dfd-heading-delimiter {margin-top:10px;margin-bottom:10px;}<\/style>\");\r\n\t\t\t\t\t\t\t\t\t})(jQuery);\r\n\t\t\t\t\t\t\t\t<\/script><\/div><div class=\"ult-spacer spacer-6a096ddfaa61d\" data-id=\"6a096ddfaa61d\" data-height=\"20\" data-height-mobile=\"10\" data-height-tab=\"20\" data-height-tab-portrait=\"\" data-height-mobile-landscape=\"\" style=\"clear:both;display:block;\"><\/div><div class=\"dfd-heading-shortcode\"><div class=\"dfd-heading-module-wrap  text-left style_01 dfd-heading-6a096ddfaa646 dfd-enable-resposive-headings\" id=\"dfd-heading-6a096ddfaa646\" ><div class=\"inline-block\"><div class=\"dfd-heading-module\"><h5 class=\"widget-title dfd-title \" style=\"font-family:Quicksand; font-weight:300; font-style:normal; font-size: 25px; color: #5b5b5b !important; line-height: 30px; \">ADMINISTRACI\u00d3N<\/h5><\/div><\/div><\/div><script type=\"text\/javascript\">\r\n\t\t\t\t\t\t\t\t\t(function($) {\r\n\t\t\t\t\t\t\t\t\t\t$(\"head\").append(\"<style>.dfd-heading-6a096ddfaa646.dfd-heading-module-wrap .dfd-heading-module .dfd-heading-delimiter {margin-top:10px;margin-bottom:10px;}<\/style>\");\r\n\t\t\t\t\t\t\t\t\t})(jQuery);\r\n\t\t\t\t\t\t\t\t<\/script><\/div><div class=\"dfd-heading-shortcode\"><div class=\"dfd-heading-module-wrap arquitectura text-left style_01 dfd-heading-6a096ddfaa6c4 dfd-enable-resposive-headings\" id=\"dfd-heading-6a096ddfaa6c4\" ><div class=\"inline-block\"><div class=\"dfd-heading-module\"><h3 class=\"widget-title dfd-title \" style=\"color: #5b5b5b !important; \"><\/p>\n<p class=\"p1\"><strong>CONCHI ESPI\u00d1EIRA GARAY<\/strong><\/p>\n<p><\/h3><\/div><\/div><\/div><script type=\"text\/javascript\">\r\n\t\t\t\t\t\t\t\t\t(function($) {\r\n\t\t\t\t\t\t\t\t\t\t$(\"head\").append(\"<style>.dfd-heading-6a096ddfaa6c4.dfd-heading-module-wrap .dfd-heading-module .dfd-heading-delimiter {margin-top:10px;margin-bottom:10px;}<\/style>\");\r\n\t\t\t\t\t\t\t\t\t})(jQuery);\r\n\t\t\t\t\t\t\t\t<\/script><\/div><div class=\"ult-spacer spacer-6a096ddfaa722\" data-id=\"6a096ddfaa722\" data-height=\"20\" data-height-mobile=\"10\" data-height-tab=\"20\" data-height-tab-portrait=\"\" data-height-mobile-landscape=\"\" style=\"clear:both;display:block;\"><\/div><div class=\"dfd-heading-shortcode\"><div class=\"dfd-heading-module-wrap  text-left style_01 dfd-heading-6a096ddfaa74c dfd-enable-resposive-headings\" id=\"dfd-heading-6a096ddfaa74c\" ><div class=\"inline-block\"><div class=\"dfd-heading-module\"><h5 class=\"widget-title dfd-title \" style=\"font-family:Quicksand; font-weight:300; font-style:normal; font-size: 25px; color: #5b5b5b !important; line-height: 30px; \">APAREJADOR<\/h5><\/div><\/div><\/div><script type=\"text\/javascript\">\r\n\t\t\t\t\t\t\t\t\t(function($) {\r\n\t\t\t\t\t\t\t\t\t\t$(\"head\").append(\"<style>.dfd-heading-6a096ddfaa74c.dfd-heading-module-wrap .dfd-heading-module .dfd-heading-delimiter {margin-top:10px;margin-bottom:10px;}<\/style>\");\r\n\t\t\t\t\t\t\t\t\t})(jQuery);\r\n\t\t\t\t\t\t\t\t<\/script><\/div><div class=\"dfd-heading-shortcode\"><div class=\"dfd-heading-module-wrap arquitectura text-left style_01 dfd-heading-6a096ddfaa7ce dfd-enable-resposive-headings\" id=\"dfd-heading-6a096ddfaa7ce\" ><div class=\"inline-block\"><div class=\"dfd-heading-module\"><h3 class=\"widget-title dfd-title \" style=\"color: #5b5b5b !important; \"><strong>GORKA REVUELTA SANT\u00cdN<\/strong> | Titulado 2001<\/h3><\/div><\/div><\/div><script type=\"text\/javascript\">\r\n\t\t\t\t\t\t\t\t\t(function($) {\r\n\t\t\t\t\t\t\t\t\t\t$(\"head\").append(\"<style>.dfd-heading-6a096ddfaa7ce.dfd-heading-module-wrap .dfd-heading-module .dfd-heading-delimiter {margin-top:10px;margin-bottom:10px;}<\/style>\");\r\n\t\t\t\t\t\t\t\t\t})(jQuery);\r\n\t\t\t\t\t\t\t\t<\/script><\/div><div class=\"ult-spacer spacer-6a096ddfaa825\" data-id=\"6a096ddfaa825\" data-height=\"60\" data-height-mobile=\"40\" data-height-tab=\"60\" data-height-tab-portrait=\"\" data-height-mobile-landscape=\"\" style=\"clear:both;display:block;\"><\/div>[\/vc_column][\/vc_row]<\/p>\n<\/section>","protected":false},"excerpt":{"rendered":"<p>[vc_row force_equal_height_columns=\u00bbmain_row\u00bb align_content_vertically=\u00bboff\u00bb][vc_column width=\u00bb1\/2&#8243; css=\u00bb.vc_custom_1498818304835{padding-right: 5% !important;padding-left: 5% !important;background-color: #d8d8d8 !important;}\u00bb][vc_single_image image=\u00bb18113&#8243; img_size=\u00bb\u00bb css=\u00bb.vc_custom_1498822687562{padding-bottom: 5px !important;padding-left: 20px !important;}\u00bb][vc_single_image image=\u00bb18114&#8243; img_size=\u00bb\u00bb css=\u00bb.vc_custom_1498821256357{padding-top: 3px !important;padding-left: 20px !important;}\u00bb][vc_single_image image=\u00bb18137&#8243; img_size=\u00bb583&#215;309&#8243; alignment=\u00bbcenter\u00bb css_animation=\u00bbfadeInUp\u00bb][\/vc_column][vc_column width=\u00bb1\/2&#8243;<\/p>\n","protected":false},"author":1,"featured_media":0,"parent":0,"menu_order":0,"comment_status":"open","ping_status":"closed","template":"page-custom-with-header.php","meta":{"_mi_skip_tracking":false,"_monsterinsights_sitenote_active":false,"_monsterinsights_sitenote_note":"","_monsterinsights_sitenote_category":0,"footnotes":""},"acf":[],"yoast_head":"<!-- This site is optimized with the Yoast SEO plugin v21.1 - https:\/\/yoast.com\/wordpress\/plugins\/seo\/ -->\n<title>El estudio - Arana San Sebasti\u00e1n<\/title>\n<meta name=\"robots\" content=\"index, follow, max-snippet:-1, max-image-preview:large, max-video-preview:-1\" \/>\n<link rel=\"canonical\" href=\"https:\/\/aranaarquitectos.com\/index.php\/el-estudio\/\" \/>\n<meta property=\"og:locale\" content=\"es_ES\" \/>\n<meta property=\"og:type\" content=\"article\" \/>\n<meta property=\"og:title\" content=\"El estudio - Arana San Sebasti\u00e1n\" \/>\n<meta property=\"og:description\" content=\"[vc_row force_equal_height_columns=\u00bbmain_row\u00bb align_content_vertically=\u00bboff\u00bb][vc_column width=\u00bb1\/2&#8243; css=\u00bb.vc_custom_1498818304835{padding-right: 5% !important;padding-left: 5% !important;background-color: #d8d8d8 !important;}\u00bb][vc_single_image image=\u00bb18113&#8243; img_size=\u00bb\u00bb css=\u00bb.vc_custom_1498822687562{padding-bottom: 5px !important;padding-left: 20px !important;}\u00bb][vc_single_image image=\u00bb18114&#8243; img_size=\u00bb\u00bb css=\u00bb.vc_custom_1498821256357{padding-top: 3px !important;padding-left: 20px !important;}\u00bb][vc_single_image image=\u00bb18137&#8243; img_size=\u00bb583&#215;309&#8243; alignment=\u00bbcenter\u00bb css_animation=\u00bbfadeInUp\u00bb][\/vc_column][vc_column width=\u00bb1\/2&#8243;\" \/>\n<meta property=\"og:url\" content=\"https:\/\/aranaarquitectos.com\/index.php\/el-estudio\/\" \/>\n<meta property=\"og:site_name\" content=\"Arana San Sebasti\u00e1n\" \/>\n<meta property=\"article:modified_time\" content=\"2023-09-18T20:16:25+00:00\" \/>\n<meta name=\"twitter:card\" content=\"summary_large_image\" \/>\n<meta name=\"twitter:label1\" content=\"Tiempo de lectura\" \/>\n\t<meta name=\"twitter:data1\" content=\"3 minutos\" \/>\n<script type=\"application\/ld+json\" class=\"yoast-schema-graph\">{\"@context\":\"https:\/\/schema.org\",\"@graph\":[{\"@type\":\"WebPage\",\"@id\":\"https:\/\/aranaarquitectos.com\/index.php\/el-estudio\/\",\"url\":\"https:\/\/aranaarquitectos.com\/index.php\/el-estudio\/\",\"name\":\"El estudio - Arana San Sebasti\u00e1n\",\"isPartOf\":{\"@id\":\"https:\/\/aranaarquitectos.com\/#website\"},\"datePublished\":\"2017-06-29T14:05:12+00:00\",\"dateModified\":\"2023-09-18T20:16:25+00:00\",\"breadcrumb\":{\"@id\":\"https:\/\/aranaarquitectos.com\/index.php\/el-estudio\/#breadcrumb\"},\"inLanguage\":\"es\",\"potentialAction\":[{\"@type\":\"ReadAction\",\"target\":[\"https:\/\/aranaarquitectos.com\/index.php\/el-estudio\/\"]}]},{\"@type\":\"BreadcrumbList\",\"@id\":\"https:\/\/aranaarquitectos.com\/index.php\/el-estudio\/#breadcrumb\",\"itemListElement\":[{\"@type\":\"ListItem\",\"position\":1,\"name\":\"Portada\",\"item\":\"https:\/\/aranaarquitectos.com\/\"},{\"@type\":\"ListItem\",\"position\":2,\"name\":\"El estudio\"}]},{\"@type\":\"WebSite\",\"@id\":\"https:\/\/aranaarquitectos.com\/#website\",\"url\":\"https:\/\/aranaarquitectos.com\/\",\"name\":\"Arana San Sebasti\u00e1n\",\"description\":\"Arquitectos\",\"potentialAction\":[{\"@type\":\"SearchAction\",\"target\":{\"@type\":\"EntryPoint\",\"urlTemplate\":\"https:\/\/aranaarquitectos.com\/?s={search_term_string}\"},\"query-input\":\"required name=search_term_string\"}],\"inLanguage\":\"es\"}]}<\/script>\n<!-- \/ Yoast SEO plugin. -->","yoast_head_json":{"title":"El estudio - Arana San Sebasti\u00e1n","robots":{"index":"index","follow":"follow","max-snippet":"max-snippet:-1","max-image-preview":"max-image-preview:large","max-video-preview":"max-video-preview:-1"},"canonical":"https:\/\/aranaarquitectos.com\/index.php\/el-estudio\/","og_locale":"es_ES","og_type":"article","og_title":"El estudio - Arana San Sebasti\u00e1n","og_description":"[vc_row force_equal_height_columns=\u00bbmain_row\u00bb align_content_vertically=\u00bboff\u00bb][vc_column width=\u00bb1\/2&#8243; css=\u00bb.vc_custom_1498818304835{padding-right: 5% !important;padding-left: 5% !important;background-color: #d8d8d8 !important;}\u00bb][vc_single_image image=\u00bb18113&#8243; img_size=\u00bb\u00bb css=\u00bb.vc_custom_1498822687562{padding-bottom: 5px !important;padding-left: 20px !important;}\u00bb][vc_single_image image=\u00bb18114&#8243; img_size=\u00bb\u00bb css=\u00bb.vc_custom_1498821256357{padding-top: 3px !important;padding-left: 20px !important;}\u00bb][vc_single_image image=\u00bb18137&#8243; img_size=\u00bb583&#215;309&#8243; alignment=\u00bbcenter\u00bb css_animation=\u00bbfadeInUp\u00bb][\/vc_column][vc_column width=\u00bb1\/2&#8243;","og_url":"https:\/\/aranaarquitectos.com\/index.php\/el-estudio\/","og_site_name":"Arana San Sebasti\u00e1n","article_modified_time":"2023-09-18T20:16:25+00:00","twitter_card":"summary_large_image","twitter_misc":{"Tiempo de lectura":"3 minutos"},"schema":{"@context":"https:\/\/schema.org","@graph":[{"@type":"WebPage","@id":"https:\/\/aranaarquitectos.com\/index.php\/el-estudio\/","url":"https:\/\/aranaarquitectos.com\/index.php\/el-estudio\/","name":"El estudio - Arana San Sebasti\u00e1n","isPartOf":{"@id":"https:\/\/aranaarquitectos.com\/#website"},"datePublished":"2017-06-29T14:05:12+00:00","dateModified":"2023-09-18T20:16:25+00:00","breadcrumb":{"@id":"https:\/\/aranaarquitectos.com\/index.php\/el-estudio\/#breadcrumb"},"inLanguage":"es","potentialAction":[{"@type":"ReadAction","target":["https:\/\/aranaarquitectos.com\/index.php\/el-estudio\/"]}]},{"@type":"BreadcrumbList","@id":"https:\/\/aranaarquitectos.com\/index.php\/el-estudio\/#breadcrumb","itemListElement":[{"@type":"ListItem","position":1,"name":"Portada","item":"https:\/\/aranaarquitectos.com\/"},{"@type":"ListItem","position":2,"name":"El estudio"}]},{"@type":"WebSite","@id":"https:\/\/aranaarquitectos.com\/#website","url":"https:\/\/aranaarquitectos.com\/","name":"Arana San Sebasti\u00e1n","description":"Arquitectos","potentialAction":[{"@type":"SearchAction","target":{"@type":"EntryPoint","urlTemplate":"https:\/\/aranaarquitectos.com\/?s={search_term_string}"},"query-input":"required name=search_term_string"}],"inLanguage":"es"}]}},"_links":{"self":[{"href":"https:\/\/aranaarquitectos.com\/index.php\/wp-json\/wp\/v2\/pages\/18074"}],"collection":[{"href":"https:\/\/aranaarquitectos.com\/index.php\/wp-json\/wp\/v2\/pages"}],"about":[{"href":"https:\/\/aranaarquitectos.com\/index.php\/wp-json\/wp\/v2\/types\/page"}],"author":[{"embeddable":true,"href":"https:\/\/aranaarquitectos.com\/index.php\/wp-json\/wp\/v2\/users\/1"}],"replies":[{"embeddable":true,"href":"https:\/\/aranaarquitectos.com\/index.php\/wp-json\/wp\/v2\/comments?post=18074"}],"version-history":[{"count":65,"href":"https:\/\/aranaarquitectos.com\/index.php\/wp-json\/wp\/v2\/pages\/18074\/revisions"}],"predecessor-version":[{"id":18915,"href":"https:\/\/aranaarquitectos.com\/index.php\/wp-json\/wp\/v2\/pages\/18074\/revisions\/18915"}],"wp:attachment":[{"href":"https:\/\/aranaarquitectos.com\/index.php\/wp-json\/wp\/v2\/media?parent=18074"}],"curies":[{"name":"wp","href":"https:\/\/api.w.org\/{rel}","templated":true}]}}