{"id":18210,"date":"2017-07-07T11:21:23","date_gmt":"2017-07-07T11:21:23","guid":{"rendered":"http:\/\/www.aranaarquitectos.es\/?page_id=18210"},"modified":"2023-09-18T20:16:38","modified_gmt":"2023-09-18T20:16:38","slug":"gestion-ayudas-subvenciones","status":"publish","type":"page","link":"https:\/\/aranaarquitectos.com\/index.php\/comunidades-administracion-fincas\/gestion-ayudas-subvenciones\/","title":{"rendered":"Gesti\u00f3n de ayudas y subvenciones"},"content":{"rendered":"<section class=\"wpb-content-wrapper\"><p>[vc_row force_equal_height_columns=\u00bbmain_row\u00bb][vc_column width=\u00bb1\/2&#8243; css=\u00bb.vc_custom_1498818304835{padding-right: 5% !important;padding-left: 5% !important;background-color: #d8d8d8 !important;}\u00bb]<div class=\"ult-spacer spacer-6a047e6211ed2\" data-id=\"6a047e6211ed2\" data-height=\"60\" data-height-mobile=\"40\" data-height-tab=\"60\" data-height-tab-portrait=\"\" data-height-mobile-landscape=\"\" style=\"clear:both;display:block;\"><\/div>[vc_single_image image=\u00bb18113&#8243; img_size=\u00bb\u00bb css=\u00bb.vc_custom_1498822687562{padding-bottom: 5px !important;padding-left: 20px !important;}\u00bb]<div class=\"dfd-heading-shortcode\"><div class=\"dfd-heading-module-wrap  text-left style_01 dfd-heading-6a047e6211f3a dfd-enable-resposive-headings\" id=\"dfd-heading-6a047e6211f3a\" ><div class=\"inline-block\"><div class=\"dfd-heading-module\"><h5 class=\"widget-title dfd-title \" style=\"font-family:Quicksand; font-weight:300; font-style:normal; font-size: 25px; color: #5b5b5b !important; line-height: 30px; \">AYUDA Y ASESORAMIENTO<\/h5><\/div><\/div><\/div><script type=\"text\/javascript\">\r\n\t\t\t\t\t\t\t\t\t(function($) {\r\n\t\t\t\t\t\t\t\t\t\t$(\"head\").append(\"<style>.dfd-heading-6a047e6211f3a.dfd-heading-module-wrap .dfd-heading-module .dfd-heading-delimiter {margin-top:10px;margin-bottom:10px;}<\/style>\");\r\n\t\t\t\t\t\t\t\t\t})(jQuery);\r\n\t\t\t\t\t\t\t\t<\/script><\/div>[vc_single_image image=\u00bb18114&#8243; img_size=\u00bb\u00bb css=\u00bb.vc_custom_1498821256357{padding-top: 3px !important;padding-left: 20px !important;}\u00bb]<div class=\"ult-spacer spacer-6a047e62122ec\" data-id=\"6a047e62122ec\" data-height=\"20\" data-height-mobile=\"10\" data-height-tab=\"20\" data-height-tab-portrait=\"\" data-height-mobile-landscape=\"\" style=\"clear:both;display:block;\"><\/div><div class=\"dfd-heading-shortcode\"><div class=\"dfd-heading-module-wrap arquitectura text-left style_01 dfd-heading-6a047e621232a dfd-enable-resposive-headings\" id=\"dfd-heading-6a047e621232a\" ><div class=\"inline-block\"><div class=\"dfd-heading-module\"><h3 class=\"widget-title dfd-title \" style=\"color: #5b5b5b !important; \"><\/p>\n<p class=\"p1\">Estamos altamente especializados en obras de intervenci\u00f3n sobre edificios existentes, con gran experiencia y reconocimiento en las rehabilitaciones integrales de edificios, reformas de fachadas y cubiertas, instalaci\u00f3n de ascensores, refuerzos de estructuras e informes periciales sobre patolog\u00edas de la edificaci\u00f3n.<\/p>\n<p><\/h3><\/div><\/div><\/div><script type=\"text\/javascript\">\r\n\t\t\t\t\t\t\t\t\t(function($) {\r\n\t\t\t\t\t\t\t\t\t\t$(\"head\").append(\"<style>.dfd-heading-6a047e621232a.dfd-heading-module-wrap .dfd-heading-module .dfd-heading-delimiter {margin-top:10px;margin-bottom:10px;}<\/style>\");\r\n\t\t\t\t\t\t\t\t\t})(jQuery);\r\n\t\t\t\t\t\t\t\t<\/script><\/div><div class=\"ult-spacer spacer-6a047e621239c\" data-id=\"6a047e621239c\" data-height=\"40\" data-height-mobile=\"30\" data-height-tab=\"40\" data-height-tab-portrait=\"\" data-height-mobile-landscape=\"\" style=\"clear:both;display:block;\"><\/div><button style=\"background:#999999;color:#ffffff;border-color:#d8d8d8;border-radius:30px;\" id=\"modal-6a047e62123c7\" data-class-id=\"content-6a047e62123c7\" class=\"btn btn-primary modal-module-button btn-sm text-left overlay-show ult-align-center\" data-overlay-class=\"overlay-fade\">Tramitaciones obtenidas<\/button><script type=\"text\/javascript\">(function($){$(\"head\").append(\"<style>#modal-6a047e62123c7.btn:hover {background: #6b6b6b !important;color: #ffffff !important;border-color: #d8d8d8 !important;}<\/style>\");})(jQuery);<\/script>\n<div class=\"ult-overlay content-6a047e62123c7 \" data-class=\"content-6a047e62123c7\" id=\"button-click-overlay-6a047e62123c7\" style=\"background:rgba(0,0,0,0.5); display:none;\">\n\t<div class=\"ult_modal ult-fade ult-medium\">\n\t\t<div class=\"ult_modal-content \" style=\"background:#ffffff;border-width:2px;border-radius:0px;border-color:#333333;\">\n\t\t\t<div class=\"ult_modal-body ult-html\" style=\"color:#2d2d2d;\">\n\t\t\t<p><strong>PLAN RENOVE<\/strong><\/p>\n<hr \/>\n<p style=\"text-align: left;\">San Jos\u00e9, 5-6 (Amurrio) | 289.744,90 \u20ac<\/p>\n<p style=\"text-align: left;\">San Jos\u00e9, 10-11-12 (Amurrio) | 330.000,00 \u20ac<\/p>\n<p style=\"text-align: left;\">Juli\u00e1n Gaiarre, 94-96 (Bilbao) | 661.751,41 \u20ac<\/p>\n<p style=\"text-align: left;\">Juli\u00e1n Gaiarre, 33-35 (Bilbao) | 768.580,23 \u20ac<\/p>\n<p style=\"text-align: left;\">Grupo Marqu\u00e9s de la fidelidad 1 &#8211; 2 (Sestao) | 300.000,00 \u20ac<\/p>\n<p style=\"text-align: left;\">Altamira, 13-15-31-34 (Bilbao) | 1.030.570,00\u20ac<\/p>\n<p style=\"text-align: left;\">Las Llanas, 19-21 (Sestao) | 270.000,00 \u20ac<\/p>\n<p style=\"text-align: left;\">G.Erdikoa, 2\u2013M.Bidaurrazaga, 1-Txorierri, 3 (Sondika) | 360.000,00 \u20ac<\/p>\n<p style=\"text-align: left;\">San Jos\u00e9, 7-8-9 (Amurrio) | 450.000,00 \u20ac<\/p>\n<p><strong>En tramitaci\u00f3n:\u00a0<\/strong>Altamira 26-27-33 (Bilbao), Garragane 1 (Mungia), Areatza, 40-42 (Plentzia).<\/p>\n<p>&nbsp;<\/p>\n<p><strong>EVE Y C\u00d3DIGO T\u00c9CNICO (CT)<\/strong><\/p>\n<hr \/>\n<p style=\"text-align: left;\">Murrieta, 27 (Barakaldo) | 9.200,00 \u20ac<\/p>\n<p style=\"text-align: left;\">Zamakola, 72 (Bilbao) | 14.800,00 \u20ac<\/p>\n<p style=\"text-align: left;\">Guzurmendi Bidea, 8 (Gorliz) | 4.320,00 \u20ac<\/p>\n<p style=\"text-align: left;\">Grupo Mendia, 5 (Barakaldo) | 5.925,00 \u20ac<\/p>\n<p style=\"text-align: left;\">Andra Mari de Bego\u00f1a, 25-27 (Bilbao) | 3.375,00 \u20ac<\/p>\n<p style=\"text-align: left;\">Zabalbide, 37 (Bilbao) | 6.435,00 \u20ac<\/p>\n<p style=\"text-align: left;\">Rodr\u00edguez Arias, 31 (Bilbao) | 7.250,00 \u20ac<\/p>\n<p style=\"text-align: left;\">M\u00e1ximo Garc\u00eda Garrido, 10 (Santurtzi) | 14.600,00 \u20ac<\/p>\n<p style=\"text-align: left;\">Landabeko, 4 (Barakaldo) | 15.260,00 \u20ac<\/p>\n<p style=\"text-align: left;\">Traves\u00eda Uribarri, 9 (Bilbao) | 1.558,00 \u20ac<\/p>\n<p style=\"text-align: left;\">Sagarminaga, 30 (Bilbao) | 18.896,00 \u20ac<\/p>\n<p>&nbsp;<\/p>\n<p><strong>EU-GOGLE (Ayudas europeas)<\/strong><\/p>\n<hr \/>\n<p><strong>IDAE |\u00a0<\/strong><strong>Ayuda directa |\u00a0Financiaci\u00f3n<\/strong><\/p>\n<p>Avda. Euskadi, 66 (Barakaldo) | 135.000,00 \u20ac | No solicita<\/p>\n<p>Larrakoetxe, 5 (Bilbao) | 91.397,92 \u20ac | 182.795,84 \u20ac<\/p>\n<p>Larrakoetxe, 7 (Bilbao) | 105.774,96 \u20ac | 211.549,92 \u20ac<\/p>\n<p>Txotena, 23 (Bilbao) | 94.963,83 \u20ac | 189.927,66 \u20ac<\/p>\n<p>Santa Luc\u00eda, 4 (Bilbao) | 32.214,79 \u20ac | No solicita<\/p>\n<p>Prim, 18 (Bilbao) | 21.000,00 \u20ac | 42.000,00 \u20ac<\/p>\n<p>Azurleku, 12 (Bilbao) | 60.000,00 \u20ac | No solicita<\/p>\n<p>Iparraguirre, 22 (Leioa) | 75.283,23 \u20ac | 150.566,46 \u20ac<\/p>\n<p>Iturriaga, 6 (Bilbao) | 69.121,05 \u20ac | 138.242,10 \u20ac<\/p>\n<p><strong>En tramitaci\u00f3n:\u00a0<\/strong>San Juan de Dios, 15 a 18 (Santurtzi), Iparraguirre, 57 (Santurtzi), Cirilo Sagastagoitia, 15 (Barakaldo), Alonso Allende 3 (Portugalete), El Cid, 1-3-5 (Barakaldo), Don Tello, 7-9-11 (Barakaldo), Errekatxu, 19-21-23 (Barakaldo), Grupo Marqu\u00e9s de la fidelidad, 3-5-7 (Sestao), Juli\u00e1n Gayarre, 29-31 (Bilbao), Arane 6 (Bilbao), Pedro de Elejalde (Gernika), Carmelo Torre 18 (BasaurI), Altamira 6 (Amorebieta), Gp\/ Elejalde (Basauri), Mungialde \/ Gaztelumendi \/ Bestorrene (Derio), Bestorrene 1 (Derio), Altamira 13-15-26-27-31-32-33-34 (Bilbao), Barroeta Aldamar 3 (Bilbao), San Antonio 25 (Etxebarri), Las Llanas, 19-21 (Sestao),\u00a0G.Erdikoa, 2\u2013M.Bidaurrazaga, 1-Txorierri, 3 (Sondika), San Jos\u00e9, 7-8-9 (Amurrio).<\/p>\n<p><b>Sestaoberri<\/b><\/p>\n<p>La Galana 15 (Sestao)<\/p>\n<hr \/>\n<p>Autonom\u00eda, 21-22-24 (Sestao) (+ I.D.A.E + CT)<\/p>\n<p>J.C. Arriaga 15-17 (Sestao) (+ I.D.A.E + CT)<\/p>\n<p>Txabarri, 19-21-23 (Sestao) (+ I.D.A.E + CT)<\/p>\n<p>Los Ba\u00f1os, 22-24-51-61-63 (Sestao) (+ I.D.A.E + CT)<\/p>\n<p>La Bariega 2 (Sestao) (+ I.D.A.E + CT)<\/p>\n\n\t\t\t<\/div>\n\t<\/div>\n\t<\/div>\n\t<div class=\"ult-overlay-close\">Close<\/div>\n<\/div><div class=\"ult-spacer spacer-6a047e621247e\" data-id=\"6a047e621247e\" data-height=\"60\" data-height-mobile=\"40\" data-height-tab=\"60\" data-height-tab-portrait=\"\" data-height-mobile-landscape=\"\" style=\"clear:both;display:block;\"><\/div>[\/vc_column][vc_column width=\u00bb1\/2&#8243; css=\u00bb.vc_custom_1499611794683{padding-top: 5% !important;padding-right: 5% !important;padding-left: 5% !important;}\u00bb]<div id=\"dfd-carousel-6a047e62124d2\" class=\"dfd-carousel-wrapper\"><div class=\"dfd-carousel-module-wrapper  dfd-carousel-horizontal dfd-arrows_aside dfd-keep-arrows dfd-arrows-style_3 dfd-arrows-enabled\" ><div class=\"dfd-carousel\"><div class=\"dfd-item-wrap\"><div class=\"cover\"><div id=\"dfd-single-image-module6a047e6213b38-2792\" class=\"dfd-single-image-module  image-center dfd-image-fade-in\" ><a href=\"https:\/\/aranaarquitectos.com\/wp-content\/uploads\/2017\/07\/fachada-ventilada-3.jpg\" title=\"Open in lightbox\" class=\"prettyPhoto\" data-thumb=\"https:\/\/aranaarquitectos.com\/wp-content\/uploads\/2017\/07\/fachada-ventilada-3-150x150.jpg\" data-rel=\"prettyPhoto[]\"><img src=\"https:\/\/aranaarquitectos.com\/wp-content\/uploads\/2017\/07\/fachada-ventilada-3-600x550.jpg\" width=\"600\" height=\"550\"  alt=\"Image module\" \/><\/a><\/div><\/div><\/div><div class=\"dfd-item-wrap\"><div class=\"cover\"><div id=\"dfd-single-image-module6a047e6214282-9949\" class=\"dfd-single-image-module  image-center dfd-image-fade-in\" ><a href=\"https:\/\/aranaarquitectos.com\/wp-content\/uploads\/2017\/07\/fachada-ventilada-2.jpg\" title=\"Open in lightbox\" class=\"prettyPhoto\" data-thumb=\"https:\/\/aranaarquitectos.com\/wp-content\/uploads\/2017\/07\/fachada-ventilada-2-150x150.jpg\" data-rel=\"prettyPhoto[]\"><img src=\"https:\/\/aranaarquitectos.com\/wp-content\/uploads\/2017\/07\/fachada-ventilada-2-600x550.jpg\" width=\"600\" height=\"550\"  alt=\"Image module\" \/><\/a><\/div><\/div><\/div><div class=\"dfd-item-wrap\"><div class=\"cover\"><div id=\"dfd-single-image-module6a047e6214da1-4604\" class=\"dfd-single-image-module  image-center dfd-image-fade-in\" ><a href=\"https:\/\/aranaarquitectos.com\/wp-content\/uploads\/2017\/07\/fachada-ventilada-1.jpg\" title=\"Open in lightbox\" class=\"prettyPhoto\" data-thumb=\"https:\/\/aranaarquitectos.com\/wp-content\/uploads\/2017\/07\/fachada-ventilada-1-150x150.jpg\" data-rel=\"prettyPhoto[]\"><img src=\"https:\/\/aranaarquitectos.com\/wp-content\/uploads\/2017\/07\/fachada-ventilada-1-600x550.jpg\" width=\"600\" height=\"550\"  alt=\"Image module\" \/><\/a><\/div><\/div><\/div><div class=\"dfd-item-wrap\"><div class=\"cover\"><div id=\"dfd-single-image-module6a047e6215e2b-1892\" class=\"dfd-single-image-module  image-center dfd-image-fade-in\" ><a href=\"https:\/\/aranaarquitectos.com\/wp-content\/uploads\/2017\/07\/julian-gaiarre-3.jpg\" title=\"Open in lightbox\" class=\"prettyPhoto\" data-thumb=\"https:\/\/aranaarquitectos.com\/wp-content\/uploads\/2017\/07\/julian-gaiarre-3-150x150.jpg\" data-rel=\"prettyPhoto[]\"><img src=\"https:\/\/aranaarquitectos.com\/wp-content\/uploads\/2017\/07\/julian-gaiarre-3-600x550.jpg\" width=\"600\" height=\"550\"  alt=\"Image module\" \/><\/a><\/div><\/div><\/div><div class=\"dfd-item-wrap\"><div class=\"cover\"><div id=\"dfd-single-image-module6a047e6216bcb-4499\" class=\"dfd-single-image-module  image-center dfd-image-fade-in\" ><a href=\"https:\/\/aranaarquitectos.com\/wp-content\/uploads\/2017\/07\/julian-gaiarre-4.jpg\" title=\"Open in lightbox\" class=\"prettyPhoto\" data-thumb=\"https:\/\/aranaarquitectos.com\/wp-content\/uploads\/2017\/07\/julian-gaiarre-4-150x150.jpg\" data-rel=\"prettyPhoto[]\"><img src=\"https:\/\/aranaarquitectos.com\/wp-content\/uploads\/2017\/07\/julian-gaiarre-4-600x550.jpg\" width=\"600\" height=\"550\"  alt=\"Image module\" \/><\/a><\/div><\/div><\/div><div class=\"dfd-item-wrap\"><div class=\"cover\"><div id=\"dfd-single-image-module6a047e62176ce-6927\" class=\"dfd-single-image-module  image-center dfd-image-fade-in\" ><a href=\"https:\/\/aranaarquitectos.com\/wp-content\/uploads\/2017\/07\/julian-gaiarre-2.jpg\" title=\"Open in lightbox\" class=\"prettyPhoto\" data-thumb=\"https:\/\/aranaarquitectos.com\/wp-content\/uploads\/2017\/07\/julian-gaiarre-2-150x150.jpg\" data-rel=\"prettyPhoto[]\"><img src=\"https:\/\/aranaarquitectos.com\/wp-content\/uploads\/2017\/07\/julian-gaiarre-2-600x550.jpg\" width=\"600\" height=\"550\"  alt=\"Image module\" \/><\/a><\/div><\/div><\/div><div class=\"dfd-item-wrap\"><div class=\"cover\"><div id=\"dfd-single-image-module6a047e62183f2-7030\" class=\"dfd-single-image-module  image-center dfd-image-fade-in\" ><a href=\"https:\/\/aranaarquitectos.com\/wp-content\/uploads\/2017\/07\/larrakoetxe-2.jpg\" title=\"Open in lightbox\" class=\"prettyPhoto\" data-thumb=\"https:\/\/aranaarquitectos.com\/wp-content\/uploads\/2017\/07\/larrakoetxe-2-150x150.jpg\" data-rel=\"prettyPhoto[]\"><img src=\"https:\/\/aranaarquitectos.com\/wp-content\/uploads\/2017\/07\/larrakoetxe-2-600x550.jpg\" width=\"600\" height=\"550\"  alt=\"Image module\" \/><\/a><\/div><\/div><\/div><div class=\"dfd-item-wrap\"><div class=\"cover\"><div id=\"dfd-single-image-module6a047e6218ca7-8596\" class=\"dfd-single-image-module  image-center dfd-image-fade-in\" ><a href=\"https:\/\/aranaarquitectos.com\/wp-content\/uploads\/2017\/07\/larrakoetxe-1.jpg\" title=\"Open in lightbox\" class=\"prettyPhoto\" data-thumb=\"https:\/\/aranaarquitectos.com\/wp-content\/uploads\/2017\/07\/larrakoetxe-1-150x150.jpg\" data-rel=\"prettyPhoto[]\"><img src=\"https:\/\/aranaarquitectos.com\/wp-content\/uploads\/2017\/07\/larrakoetxe-1-600x550.jpg\" width=\"600\" height=\"550\"  alt=\"Image module\" \/><\/a><\/div><\/div><\/div><\/div><a href=\"#\" class=\"dfd-slider-control prev\" title=\"Previous slide\"><i class=\"dfd-added-font-icon-left-open2\"><\/i><\/a><a href=\"#\" class=\"dfd-slider-control next\" title=\"Next slide\"><i class=\"dfd-added-font-icon-right-open2\"><\/i><\/a><\/div>\t\t\t\t<script type=\"text\/javascript\">\r\n\t\t\t\t\t(function($) {\r\n\t\t\t\t\t\t\"use strict\";\r\n\t\t\t\t\t\tvar $carousel = $('#dfd-carousel-6a047e62124d2').find('.dfd-carousel');\r\n\t\t\t\t\t\t$(document).ready(function() {\r\n\t\t\t\t\t\t\tvar $initialized = ($('body').hasClass('page-template-tmp-side-by-side')) ? $carousel.not('.slick-initialized') : $carousel;\r\n\t\t\t\t\t\t\t\t\t\t\t\t\t\t$carousel.siblings('.dfd-slider-control.prev').click(function(e) {\r\n\t\t\t\t\t\t\t\te.preventDefault();\r\n\t\t\t\t\t\t\t\t$carousel.eq(0).slick('slickPrev');\r\n\t\t\t\t\t\t\t});\r\n\t\t\t\t\t\t\t$carousel.siblings('.dfd-slider-control.next').click(function(e) {\r\n\t\t\t\t\t\t\t\te.preventDefault();\r\n\t\t\t\t\t\t\t\t$carousel.eq(0).slick('slickNext');\r\n\t\t\t\t\t\t\t});\r\n\t\t\t\t\t\t\t$initialized.slick({arrows: false,dotsClass: 'dfd-slick-dots',slidesToScroll: 1,autoplay: true,autoplaySpeed: 3000,dots: false,infinite: true,slidesToShow: 1,speed: 300,swipe: true,draggable: true,adaptiveHeight: true,responsive: [\r\n\t\t\t\t\t\t\t{\r\n\t\t\t\t\t\t\t\tbreakpoint: 1024,\r\n\t\t\t\t\t\t\t\tsettings: {\r\n\t\t\t\t\t\t\t\t\tslidesToShow: 1,\r\n\t\t\t\t\t\t\t\t\tslidesToScroll: 1,\r\n\t\t\t\t\t\t\t\t}\r\n\t\t\t\t\t\t\t},\r\n\t\t\t\t\t\t\t{\r\n\t\t\t\t\t\t\t\tbreakpoint: 800,\r\n\t\t\t\t\t\t\t\tsettings: {\r\n\t\t\t\t\t\t\t\t\tslidesToShow: 1,\r\n\t\t\t\t\t\t\t\t\tslidesToScroll: 1,\r\n\t\t\t\t\t\t\t\t}\r\n\t\t\t\t\t\t\t},\r\n\t\t\t\t\t\t\t{\r\n\t\t\t\t\t\t\t\tbreakpoint: 480,\r\n\t\t\t\t\t\t\t\tsettings: {\r\n\t\t\t\t\t\t\t\t\tslidesToShow: 1,\r\n\t\t\t\t\t\t\t\t\tslidesToScroll: 1,\r\n\t\t\t\t\t\t\t\t}\r\n\t\t\t\t\t\t\t},]});\r\n\t\t\t\t\t\t\t$(\"head\").append(\"<style>#dfd-carousel-6a047e62124d2 .dfd-arrows-style_3 .dfd-slider-control:after, #dfd-carousel-6a047e62124d2 .dfd-arrows-style_4 .dfd-slider-control:after, #dfd-carousel-6a047e62124d2 .dfd-arrows-style_5 .dfd-slider-control {background: #c4c4c4}#dfd-carousel-6a047e62124d2 > .dfd-carousel-module-wrapper > .dfd-carousel > .slick-list > .slick-track > .dfd-item-wrap > .cover {padding: 10px;}#dfd-carousel-6a047e62124d2 {margin: -10px;}<\/style>\")\t\t\t\t\t\t});\r\n\t\t\t\t\t})(jQuery);\r\n\t\t\t\t<\/script>\r\n            <\/div>[\/vc_column][\/vc_row]<\/p>\n<\/section>","protected":false},"excerpt":{"rendered":"<p>[vc_row force_equal_height_columns=\u00bbmain_row\u00bb][vc_column width=\u00bb1\/2&#8243; css=\u00bb.vc_custom_1498818304835{padding-right: 5% !important;padding-left: 5% !important;background-color: #d8d8d8 !important;}\u00bb][vc_single_image image=\u00bb18113&#8243; img_size=\u00bb\u00bb css=\u00bb.vc_custom_1498822687562{padding-bottom: 5px !important;padding-left: 20px !important;}\u00bb][vc_single_image image=\u00bb18114&#8243; img_size=\u00bb\u00bb css=\u00bb.vc_custom_1498821256357{padding-top: 3px !important;padding-left: 20px !important;}\u00bb][\/vc_column][vc_column width=\u00bb1\/2&#8243; css=\u00bb.vc_custom_1499611794683{padding-top: 5% !important;padding-right: 5% !important;padding-left:<\/p>\n","protected":false},"author":1,"featured_media":0,"parent":18185,"menu_order":0,"comment_status":"open","ping_status":"closed","template":"page-custom-with-header.php","meta":{"_mi_skip_tracking":false,"_monsterinsights_sitenote_active":false,"_monsterinsights_sitenote_note":"","_monsterinsights_sitenote_category":0,"footnotes":""},"acf":[],"yoast_head":"<!-- This site is optimized with the Yoast SEO plugin v21.1 - https:\/\/yoast.com\/wordpress\/plugins\/seo\/ -->\n<title>Gesti\u00f3n de ayudas y subvenciones - Arana San Sebasti\u00e1n<\/title>\n<meta name=\"robots\" content=\"index, follow, max-snippet:-1, max-image-preview:large, max-video-preview:-1\" \/>\n<link rel=\"canonical\" href=\"https:\/\/aranaarquitectos.com\/index.php\/comunidades-administracion-fincas\/gestion-ayudas-subvenciones\/\" \/>\n<meta property=\"og:locale\" content=\"es_ES\" \/>\n<meta property=\"og:type\" content=\"article\" \/>\n<meta property=\"og:title\" content=\"Gesti\u00f3n de ayudas y subvenciones - Arana San Sebasti\u00e1n\" \/>\n<meta property=\"og:description\" content=\"[vc_row force_equal_height_columns=\u00bbmain_row\u00bb][vc_column width=\u00bb1\/2&#8243; css=\u00bb.vc_custom_1498818304835{padding-right: 5% !important;padding-left: 5% !important;background-color: #d8d8d8 !important;}\u00bb][vc_single_image image=\u00bb18113&#8243; img_size=\u00bb\u00bb css=\u00bb.vc_custom_1498822687562{padding-bottom: 5px !important;padding-left: 20px !important;}\u00bb][vc_single_image image=\u00bb18114&#8243; img_size=\u00bb\u00bb css=\u00bb.vc_custom_1498821256357{padding-top: 3px !important;padding-left: 20px !important;}\u00bb][\/vc_column][vc_column width=\u00bb1\/2&#8243; css=\u00bb.vc_custom_1499611794683{padding-top: 5% !important;padding-right: 5% !important;padding-left:\" \/>\n<meta property=\"og:url\" content=\"https:\/\/aranaarquitectos.com\/index.php\/comunidades-administracion-fincas\/gestion-ayudas-subvenciones\/\" \/>\n<meta property=\"og:site_name\" content=\"Arana San Sebasti\u00e1n\" \/>\n<meta property=\"article:modified_time\" content=\"2023-09-18T20:16:38+00:00\" \/>\n<meta name=\"twitter:card\" content=\"summary_large_image\" \/>\n<meta name=\"twitter:label1\" content=\"Tiempo de lectura\" \/>\n\t<meta name=\"twitter:data1\" content=\"3 minutos\" \/>\n<script type=\"application\/ld+json\" class=\"yoast-schema-graph\">{\"@context\":\"https:\/\/schema.org\",\"@graph\":[{\"@type\":\"WebPage\",\"@id\":\"https:\/\/aranaarquitectos.com\/index.php\/comunidades-administracion-fincas\/gestion-ayudas-subvenciones\/\",\"url\":\"https:\/\/aranaarquitectos.com\/index.php\/comunidades-administracion-fincas\/gestion-ayudas-subvenciones\/\",\"name\":\"Gesti\u00f3n de ayudas y subvenciones - Arana San Sebasti\u00e1n\",\"isPartOf\":{\"@id\":\"https:\/\/aranaarquitectos.com\/#website\"},\"datePublished\":\"2017-07-07T11:21:23+00:00\",\"dateModified\":\"2023-09-18T20:16:38+00:00\",\"breadcrumb\":{\"@id\":\"https:\/\/aranaarquitectos.com\/index.php\/comunidades-administracion-fincas\/gestion-ayudas-subvenciones\/#breadcrumb\"},\"inLanguage\":\"es\",\"potentialAction\":[{\"@type\":\"ReadAction\",\"target\":[\"https:\/\/aranaarquitectos.com\/index.php\/comunidades-administracion-fincas\/gestion-ayudas-subvenciones\/\"]}]},{\"@type\":\"BreadcrumbList\",\"@id\":\"https:\/\/aranaarquitectos.com\/index.php\/comunidades-administracion-fincas\/gestion-ayudas-subvenciones\/#breadcrumb\",\"itemListElement\":[{\"@type\":\"ListItem\",\"position\":1,\"name\":\"Portada\",\"item\":\"https:\/\/aranaarquitectos.com\/\"},{\"@type\":\"ListItem\",\"position\":2,\"name\":\"Comunidades y administraci\u00f3n de fincas\",\"item\":\"https:\/\/aranaarquitectos.com\/index.php\/comunidades-administracion-fincas\/\"},{\"@type\":\"ListItem\",\"position\":3,\"name\":\"Gesti\u00f3n de ayudas y subvenciones\"}]},{\"@type\":\"WebSite\",\"@id\":\"https:\/\/aranaarquitectos.com\/#website\",\"url\":\"https:\/\/aranaarquitectos.com\/\",\"name\":\"Arana San Sebasti\u00e1n\",\"description\":\"Arquitectos\",\"potentialAction\":[{\"@type\":\"SearchAction\",\"target\":{\"@type\":\"EntryPoint\",\"urlTemplate\":\"https:\/\/aranaarquitectos.com\/?s={search_term_string}\"},\"query-input\":\"required name=search_term_string\"}],\"inLanguage\":\"es\"}]}<\/script>\n<!-- \/ Yoast SEO plugin. -->","yoast_head_json":{"title":"Gesti\u00f3n de ayudas y subvenciones - Arana San Sebasti\u00e1n","robots":{"index":"index","follow":"follow","max-snippet":"max-snippet:-1","max-image-preview":"max-image-preview:large","max-video-preview":"max-video-preview:-1"},"canonical":"https:\/\/aranaarquitectos.com\/index.php\/comunidades-administracion-fincas\/gestion-ayudas-subvenciones\/","og_locale":"es_ES","og_type":"article","og_title":"Gesti\u00f3n de ayudas y subvenciones - Arana San Sebasti\u00e1n","og_description":"[vc_row force_equal_height_columns=\u00bbmain_row\u00bb][vc_column width=\u00bb1\/2&#8243; css=\u00bb.vc_custom_1498818304835{padding-right: 5% !important;padding-left: 5% !important;background-color: #d8d8d8 !important;}\u00bb][vc_single_image image=\u00bb18113&#8243; img_size=\u00bb\u00bb css=\u00bb.vc_custom_1498822687562{padding-bottom: 5px !important;padding-left: 20px !important;}\u00bb][vc_single_image image=\u00bb18114&#8243; img_size=\u00bb\u00bb css=\u00bb.vc_custom_1498821256357{padding-top: 3px !important;padding-left: 20px !important;}\u00bb][\/vc_column][vc_column width=\u00bb1\/2&#8243; css=\u00bb.vc_custom_1499611794683{padding-top: 5% !important;padding-right: 5% !important;padding-left:","og_url":"https:\/\/aranaarquitectos.com\/index.php\/comunidades-administracion-fincas\/gestion-ayudas-subvenciones\/","og_site_name":"Arana San Sebasti\u00e1n","article_modified_time":"2023-09-18T20:16:38+00:00","twitter_card":"summary_large_image","twitter_misc":{"Tiempo de lectura":"3 minutos"},"schema":{"@context":"https:\/\/schema.org","@graph":[{"@type":"WebPage","@id":"https:\/\/aranaarquitectos.com\/index.php\/comunidades-administracion-fincas\/gestion-ayudas-subvenciones\/","url":"https:\/\/aranaarquitectos.com\/index.php\/comunidades-administracion-fincas\/gestion-ayudas-subvenciones\/","name":"Gesti\u00f3n de ayudas y subvenciones - Arana San Sebasti\u00e1n","isPartOf":{"@id":"https:\/\/aranaarquitectos.com\/#website"},"datePublished":"2017-07-07T11:21:23+00:00","dateModified":"2023-09-18T20:16:38+00:00","breadcrumb":{"@id":"https:\/\/aranaarquitectos.com\/index.php\/comunidades-administracion-fincas\/gestion-ayudas-subvenciones\/#breadcrumb"},"inLanguage":"es","potentialAction":[{"@type":"ReadAction","target":["https:\/\/aranaarquitectos.com\/index.php\/comunidades-administracion-fincas\/gestion-ayudas-subvenciones\/"]}]},{"@type":"BreadcrumbList","@id":"https:\/\/aranaarquitectos.com\/index.php\/comunidades-administracion-fincas\/gestion-ayudas-subvenciones\/#breadcrumb","itemListElement":[{"@type":"ListItem","position":1,"name":"Portada","item":"https:\/\/aranaarquitectos.com\/"},{"@type":"ListItem","position":2,"name":"Comunidades y administraci\u00f3n de fincas","item":"https:\/\/aranaarquitectos.com\/index.php\/comunidades-administracion-fincas\/"},{"@type":"ListItem","position":3,"name":"Gesti\u00f3n de ayudas y subvenciones"}]},{"@type":"WebSite","@id":"https:\/\/aranaarquitectos.com\/#website","url":"https:\/\/aranaarquitectos.com\/","name":"Arana San Sebasti\u00e1n","description":"Arquitectos","potentialAction":[{"@type":"SearchAction","target":{"@type":"EntryPoint","urlTemplate":"https:\/\/aranaarquitectos.com\/?s={search_term_string}"},"query-input":"required name=search_term_string"}],"inLanguage":"es"}]}},"_links":{"self":[{"href":"https:\/\/aranaarquitectos.com\/index.php\/wp-json\/wp\/v2\/pages\/18210"}],"collection":[{"href":"https:\/\/aranaarquitectos.com\/index.php\/wp-json\/wp\/v2\/pages"}],"about":[{"href":"https:\/\/aranaarquitectos.com\/index.php\/wp-json\/wp\/v2\/types\/page"}],"author":[{"embeddable":true,"href":"https:\/\/aranaarquitectos.com\/index.php\/wp-json\/wp\/v2\/users\/1"}],"replies":[{"embeddable":true,"href":"https:\/\/aranaarquitectos.com\/index.php\/wp-json\/wp\/v2\/comments?post=18210"}],"version-history":[{"count":67,"href":"https:\/\/aranaarquitectos.com\/index.php\/wp-json\/wp\/v2\/pages\/18210\/revisions"}],"predecessor-version":[{"id":18916,"href":"https:\/\/aranaarquitectos.com\/index.php\/wp-json\/wp\/v2\/pages\/18210\/revisions\/18916"}],"up":[{"embeddable":true,"href":"https:\/\/aranaarquitectos.com\/index.php\/wp-json\/wp\/v2\/pages\/18185"}],"wp:attachment":[{"href":"https:\/\/aranaarquitectos.com\/index.php\/wp-json\/wp\/v2\/media?parent=18210"}],"curies":[{"name":"wp","href":"https:\/\/api.w.org\/{rel}","templated":true}]}}