{"id":18327,"date":"2017-07-09T16:10:16","date_gmt":"2017-07-09T16:10:16","guid":{"rendered":"http:\/\/www.aranaarquitectos.es\/?page_id=18327"},"modified":"2023-09-18T20:17:44","modified_gmt":"2023-09-18T20:17:44","slug":"accesibilidad-2","status":"publish","type":"page","link":"https:\/\/aranaarquitectos.com\/index.php\/comunidades-administracion-fincas\/accesibilidad-2\/","title":{"rendered":"Accesibilidad"},"content":{"rendered":"<section class=\"wpb-content-wrapper\"><p>[vc_row force_equal_height_columns=\u00bbmain_row\u00bb align_content_vertically=\u00bboff\u00bb][vc_column width=\u00bb1\/2&#8243; css=\u00bb.vc_custom_1498818304835{padding-right: 5% !important;padding-left: 5% !important;background-color: #d8d8d8 !important;}\u00bb]<div class=\"ult-spacer spacer-6a096ddf81c69\" data-id=\"6a096ddf81c69\" data-height=\"60\" data-height-mobile=\"40\" data-height-tab=\"60\" data-height-tab-portrait=\"\" data-height-mobile-landscape=\"\" style=\"clear:both;display:block;\"><\/div>[vc_single_image image=\u00bb18113&#8243; img_size=\u00bb\u00bb css=\u00bb.vc_custom_1498822687562{padding-bottom: 5px !important;padding-left: 20px !important;}\u00bb]<div class=\"dfd-heading-shortcode\"><div class=\"dfd-heading-module-wrap  text-left style_01 dfd-heading-6a096ddf81cc5 dfd-enable-resposive-headings\" id=\"dfd-heading-6a096ddf81cc5\" ><div class=\"inline-block\"><div class=\"dfd-heading-module\"><h5 class=\"widget-title dfd-title \" style=\"font-family:Quicksand; font-weight:300; font-style:normal; font-size: 25px; color: #5b5b5b !important; line-height: 30px; \">SUPRESI\u00d3N DE BARRERAS<\/h5><\/div><\/div><\/div><script type=\"text\/javascript\">\r\n\t\t\t\t\t\t\t\t\t(function($) {\r\n\t\t\t\t\t\t\t\t\t\t$(\"head\").append(\"<style>.dfd-heading-6a096ddf81cc5.dfd-heading-module-wrap .dfd-heading-module .dfd-heading-delimiter {margin-top:10px;margin-bottom:10px;}<\/style>\");\r\n\t\t\t\t\t\t\t\t\t})(jQuery);\r\n\t\t\t\t\t\t\t\t<\/script><\/div>[vc_single_image image=\u00bb18114&#8243; img_size=\u00bb\u00bb css=\u00bb.vc_custom_1498821256357{padding-top: 3px !important;padding-left: 20px !important;}\u00bb]<div class=\"ult-spacer spacer-6a096ddf81dd6\" data-id=\"6a096ddf81dd6\" data-height=\"20\" data-height-mobile=\"10\" data-height-tab=\"20\" data-height-tab-portrait=\"\" data-height-mobile-landscape=\"\" style=\"clear:both;display:block;\"><\/div><div class=\"dfd-heading-shortcode\"><div class=\"dfd-heading-module-wrap arquitectura text-left style_01 dfd-heading-6a096ddf81e0a dfd-enable-resposive-headings\" id=\"dfd-heading-6a096ddf81e0a\" ><div class=\"inline-block\"><div class=\"dfd-heading-module\"><h3 class=\"widget-title dfd-title \" style=\"color: #5b5b5b !important; \">En Arana San Sebasti\u00e1n venimos desarrollando durante m\u00e1s de 20 a\u00f1os la redacci\u00f3n de proyectos para la promoci\u00f3n de la accesibilidad en edificios p\u00fablicos, comunidades de propietarios, espacios urbanos, etc. M\u00e1s de 200 instalados.<\/p>\n<p>Como expertos en accesibilidad, realizamos estudios y proyectos de arquitectura encaminados a la supresi\u00f3n de barreras, tanto en edificios como a nivel de urbanismo e interiorismo.<\/p>\n<p>Hemos realizado multitud de obras de instalaci\u00f3n de ascensor en edificios de viviendas, tan con, c\u00f3mo sin, sustituci\u00f3n de la caja de escaleras existente, siempre buscando las menores molestias para usuarios mediante el planteamiento de los trabajos por fases.<\/h3><\/div><\/div><\/div><script type=\"text\/javascript\">\r\n\t\t\t\t\t\t\t\t\t(function($) {\r\n\t\t\t\t\t\t\t\t\t\t$(\"head\").append(\"<style>.dfd-heading-6a096ddf81e0a.dfd-heading-module-wrap .dfd-heading-module .dfd-heading-delimiter {margin-top:10px;margin-bottom:10px;}<\/style>\");\r\n\t\t\t\t\t\t\t\t\t})(jQuery);\r\n\t\t\t\t\t\t\t\t<\/script><\/div><div class=\"ult-spacer spacer-6a096ddf81e74\" data-id=\"6a096ddf81e74\" data-height=\"60\" data-height-mobile=\"40\" data-height-tab=\"60\" data-height-tab-portrait=\"\" data-height-mobile-landscape=\"\" style=\"clear:both;display:block;\"><\/div>[\/vc_column][vc_column width=\u00bb1\/2&#8243; css=\u00bb.vc_custom_1499615531748{padding-right: 5% !important;padding-left: 5% !important;}\u00bb]<div class=\"ult-spacer spacer-6a096ddf81e7d\" data-id=\"6a096ddf81e7d\" data-height=\"60\" data-height-mobile=\"40\" data-height-tab=\"60\" data-height-tab-portrait=\"\" data-height-mobile-landscape=\"\" style=\"clear:both;display:block;\"><\/div><div id=\"dfd-carousel-6a096ddf81ec1\" class=\"dfd-carousel-wrapper\"><div class=\"dfd-carousel-module-wrapper  dfd-carousel-horizontal dfd-arrows_aside dfd-keep-arrows dfd-arrows-style_3 dfd-arrows-enabled\" ><div class=\"dfd-carousel\"><div class=\"dfd-item-wrap\"><div class=\"cover\"><div id=\"dfd-single-image-module6a096ddf8219f-3549\" class=\"dfd-single-image-module  image-center dfd-image-fade-in\" ><a href=\"https:\/\/aranaarquitectos.com\/wp-content\/uploads\/2017\/07\/portal-urquijo-3.jpg\" title=\"Open in lightbox\" class=\"prettyPhoto\" data-thumb=\"https:\/\/aranaarquitectos.com\/wp-content\/uploads\/2017\/07\/portal-urquijo-3-150x150.jpg\" data-rel=\"prettyPhoto[]\"><img src=\"https:\/\/aranaarquitectos.com\/wp-content\/uploads\/2017\/07\/portal-urquijo-3-600x750.jpg\" width=\"600\" height=\"750\"  alt=\"Image module\" \/><\/a><\/div><\/div><\/div><div class=\"dfd-item-wrap\"><div class=\"cover\"><div id=\"dfd-single-image-module6a096ddf82351-2225\" class=\"dfd-single-image-module  image-center dfd-image-fade-in\" ><a href=\"https:\/\/aranaarquitectos.com\/wp-content\/uploads\/2017\/07\/portal-urquijo-4.jpg\" title=\"Open in lightbox\" class=\"prettyPhoto\" data-thumb=\"https:\/\/aranaarquitectos.com\/wp-content\/uploads\/2017\/07\/portal-urquijo-4-150x150.jpg\" data-rel=\"prettyPhoto[]\"><img src=\"https:\/\/aranaarquitectos.com\/wp-content\/uploads\/2017\/07\/portal-urquijo-4-600x750.jpg\" width=\"600\" height=\"750\"  alt=\"Image module\" \/><\/a><\/div><\/div><\/div><div class=\"dfd-item-wrap\"><div class=\"cover\"><div id=\"dfd-single-image-module6a096ddf824fb-2064\" class=\"dfd-single-image-module  image-center dfd-image-fade-in\" ><a href=\"https:\/\/aranaarquitectos.com\/wp-content\/uploads\/2017\/07\/portal-urquijo-2.jpg\" title=\"Open in lightbox\" class=\"prettyPhoto\" data-thumb=\"https:\/\/aranaarquitectos.com\/wp-content\/uploads\/2017\/07\/portal-urquijo-2-150x150.jpg\" data-rel=\"prettyPhoto[]\"><img src=\"https:\/\/aranaarquitectos.com\/wp-content\/uploads\/2017\/07\/portal-urquijo-2-600x750.jpg\" width=\"600\" height=\"750\"  alt=\"Image module\" \/><\/a><\/div><\/div><\/div><div class=\"dfd-item-wrap\"><div class=\"cover\"><div id=\"dfd-single-image-module6a096ddf8267c-4528\" class=\"dfd-single-image-module  image-center dfd-image-fade-in\" ><a href=\"https:\/\/aranaarquitectos.com\/wp-content\/uploads\/2017\/07\/portal-urquijo-1.jpg\" title=\"Open in lightbox\" class=\"prettyPhoto\" data-thumb=\"https:\/\/aranaarquitectos.com\/wp-content\/uploads\/2017\/07\/portal-urquijo-1-150x150.jpg\" data-rel=\"prettyPhoto[]\"><img src=\"https:\/\/aranaarquitectos.com\/wp-content\/uploads\/2017\/07\/portal-urquijo-1-600x750.jpg\" width=\"600\" height=\"750\"  alt=\"Image module\" \/><\/a><\/div><\/div><\/div><div class=\"dfd-item-wrap\"><div class=\"cover\"><div id=\"dfd-single-image-module6a096ddf8280b-7363\" class=\"dfd-single-image-module  image-center dfd-image-fade-in\" ><a href=\"https:\/\/aranaarquitectos.com\/wp-content\/uploads\/2017\/07\/accesibilidad-1.jpg\" title=\"Open in lightbox\" class=\"prettyPhoto\" data-thumb=\"https:\/\/aranaarquitectos.com\/wp-content\/uploads\/2017\/07\/accesibilidad-1-150x150.jpg\" data-rel=\"prettyPhoto[]\"><img src=\"https:\/\/aranaarquitectos.com\/wp-content\/uploads\/2017\/07\/accesibilidad-1-600x750.jpg\" width=\"600\" height=\"750\"  alt=\"Image module\" \/><\/a><\/div><\/div><\/div><div class=\"dfd-item-wrap\"><div class=\"cover\"><div id=\"dfd-single-image-module6a096ddf82975-6980\" class=\"dfd-single-image-module  image-center dfd-image-fade-in\" ><a href=\"https:\/\/aranaarquitectos.com\/wp-content\/uploads\/2017\/07\/rampa.jpg\" title=\"Open in lightbox\" class=\"prettyPhoto\" data-thumb=\"https:\/\/aranaarquitectos.com\/wp-content\/uploads\/2017\/07\/rampa-150x150.jpg\" data-rel=\"prettyPhoto[]\"><img src=\"https:\/\/aranaarquitectos.com\/wp-content\/uploads\/2017\/07\/rampa-600x750.jpg\" width=\"600\" height=\"750\"  alt=\"Image module\" \/><\/a><\/div><\/div><\/div><div class=\"dfd-item-wrap\"><div class=\"cover\"><div id=\"dfd-single-image-module6a096ddf82aee-5897\" class=\"dfd-single-image-module  image-center dfd-image-fade-in\" ><a href=\"https:\/\/aranaarquitectos.com\/wp-content\/uploads\/2017\/07\/fachada-ventilada.jpg\" title=\"Open in lightbox\" class=\"prettyPhoto\" data-thumb=\"https:\/\/aranaarquitectos.com\/wp-content\/uploads\/2017\/07\/fachada-ventilada-150x150.jpg\" data-rel=\"prettyPhoto[]\"><img src=\"https:\/\/aranaarquitectos.com\/wp-content\/uploads\/2017\/07\/fachada-ventilada-600x750.jpg\" width=\"600\" height=\"750\"  alt=\"Image module\" \/><\/a><\/div><\/div><\/div><div class=\"dfd-item-wrap\"><div class=\"cover\"><div id=\"dfd-single-image-module6a096ddf82c4f-665\" class=\"dfd-single-image-module  image-center dfd-image-fade-in\" ><a href=\"https:\/\/aranaarquitectos.com\/wp-content\/uploads\/2017\/07\/fachada-ventilada-2-1.jpg\" title=\"Open in lightbox\" class=\"prettyPhoto\" data-thumb=\"https:\/\/aranaarquitectos.com\/wp-content\/uploads\/2017\/07\/fachada-ventilada-2-1-150x150.jpg\" data-rel=\"prettyPhoto[]\"><img src=\"https:\/\/aranaarquitectos.com\/wp-content\/uploads\/2017\/07\/fachada-ventilada-2-1-600x750.jpg\" width=\"600\" height=\"750\"  alt=\"Image module\" \/><\/a><\/div><\/div><\/div><div class=\"dfd-item-wrap\"><div class=\"cover\"><div id=\"dfd-single-image-module6a096ddf82da8-8578\" class=\"dfd-single-image-module  image-center dfd-image-fade-in\" ><a href=\"https:\/\/aranaarquitectos.com\/wp-content\/uploads\/2017\/07\/ascensor-otxarkoaga.jpg\" title=\"Open in lightbox\" class=\"prettyPhoto\" data-thumb=\"https:\/\/aranaarquitectos.com\/wp-content\/uploads\/2017\/07\/ascensor-otxarkoaga-150x150.jpg\" data-rel=\"prettyPhoto[]\"><img src=\"https:\/\/aranaarquitectos.com\/wp-content\/uploads\/2017\/07\/ascensor-otxarkoaga-600x750.jpg\" width=\"600\" height=\"750\"  alt=\"Image module\" \/><\/a><\/div><\/div><\/div><div class=\"dfd-item-wrap\"><div class=\"cover\"><div id=\"dfd-single-image-module6a096ddf82efc-769\" class=\"dfd-single-image-module  image-center dfd-image-fade-in\" ><a href=\"https:\/\/aranaarquitectos.com\/wp-content\/uploads\/2017\/07\/ascensor-basauri.jpg\" title=\"Open in lightbox\" class=\"prettyPhoto\" data-thumb=\"https:\/\/aranaarquitectos.com\/wp-content\/uploads\/2017\/07\/ascensor-basauri-150x150.jpg\" data-rel=\"prettyPhoto[]\"><img src=\"https:\/\/aranaarquitectos.com\/wp-content\/uploads\/2017\/07\/ascensor-basauri-600x750.jpg\" width=\"600\" height=\"750\"  alt=\"Image module\" \/><\/a><\/div><\/div><\/div><div class=\"dfd-item-wrap\"><div class=\"cover\"><div id=\"dfd-single-image-module6a096ddf8306c-7737\" class=\"dfd-single-image-module  image-center dfd-image-fade-in\" ><a href=\"https:\/\/aranaarquitectos.com\/wp-content\/uploads\/2017\/07\/ascensor-basauri-2.jpg\" title=\"Open in lightbox\" class=\"prettyPhoto\" data-thumb=\"https:\/\/aranaarquitectos.com\/wp-content\/uploads\/2017\/07\/ascensor-basauri-2-150x150.jpg\" data-rel=\"prettyPhoto[]\"><img src=\"https:\/\/aranaarquitectos.com\/wp-content\/uploads\/2017\/07\/ascensor-basauri-2-600x750.jpg\" width=\"600\" height=\"750\"  alt=\"Image module\" \/><\/a><\/div><\/div><\/div><div class=\"dfd-item-wrap\"><div class=\"cover\"><div id=\"dfd-single-image-module6a096ddf831e2-2075\" class=\"dfd-single-image-module  image-center dfd-image-fade-in\" ><a href=\"https:\/\/aranaarquitectos.com\/wp-content\/uploads\/2017\/07\/accesibilidad-2.jpg\" title=\"Open in lightbox\" class=\"prettyPhoto\" data-thumb=\"https:\/\/aranaarquitectos.com\/wp-content\/uploads\/2017\/07\/accesibilidad-2-150x150.jpg\" data-rel=\"prettyPhoto[]\"><img src=\"https:\/\/aranaarquitectos.com\/wp-content\/uploads\/2017\/07\/accesibilidad-2-600x750.jpg\" width=\"600\" height=\"750\"  alt=\"Image module\" \/><\/a><\/div><\/div><\/div><\/div><a href=\"#\" class=\"dfd-slider-control prev\" title=\"Previous slide\"><i class=\"dfd-added-font-icon-left-open2\"><\/i><\/a><a href=\"#\" class=\"dfd-slider-control next\" title=\"Next slide\"><i class=\"dfd-added-font-icon-right-open2\"><\/i><\/a><\/div>\t\t\t\t<script type=\"text\/javascript\">\r\n\t\t\t\t\t(function($) {\r\n\t\t\t\t\t\t\"use strict\";\r\n\t\t\t\t\t\tvar $carousel = $('#dfd-carousel-6a096ddf81ec1').find('.dfd-carousel');\r\n\t\t\t\t\t\t$(document).ready(function() {\r\n\t\t\t\t\t\t\tvar $initialized = ($('body').hasClass('page-template-tmp-side-by-side')) ? $carousel.not('.slick-initialized') : $carousel;\r\n\t\t\t\t\t\t\t\t\t\t\t\t\t\t$carousel.siblings('.dfd-slider-control.prev').click(function(e) {\r\n\t\t\t\t\t\t\t\te.preventDefault();\r\n\t\t\t\t\t\t\t\t$carousel.eq(0).slick('slickPrev');\r\n\t\t\t\t\t\t\t});\r\n\t\t\t\t\t\t\t$carousel.siblings('.dfd-slider-control.next').click(function(e) {\r\n\t\t\t\t\t\t\t\te.preventDefault();\r\n\t\t\t\t\t\t\t\t$carousel.eq(0).slick('slickNext');\r\n\t\t\t\t\t\t\t});\r\n\t\t\t\t\t\t\t$initialized.slick({arrows: false,dotsClass: 'dfd-slick-dots',slidesToScroll: 1,autoplay: true,autoplaySpeed: 3000,dots: false,infinite: true,slidesToShow: 1,speed: 300,swipe: true,draggable: true,adaptiveHeight: true,responsive: [\r\n\t\t\t\t\t\t\t{\r\n\t\t\t\t\t\t\t\tbreakpoint: 1024,\r\n\t\t\t\t\t\t\t\tsettings: {\r\n\t\t\t\t\t\t\t\t\tslidesToShow: 1,\r\n\t\t\t\t\t\t\t\t\tslidesToScroll: 1,\r\n\t\t\t\t\t\t\t\t}\r\n\t\t\t\t\t\t\t},\r\n\t\t\t\t\t\t\t{\r\n\t\t\t\t\t\t\t\tbreakpoint: 800,\r\n\t\t\t\t\t\t\t\tsettings: {\r\n\t\t\t\t\t\t\t\t\tslidesToShow: 1,\r\n\t\t\t\t\t\t\t\t\tslidesToScroll: 1,\r\n\t\t\t\t\t\t\t\t}\r\n\t\t\t\t\t\t\t},\r\n\t\t\t\t\t\t\t{\r\n\t\t\t\t\t\t\t\tbreakpoint: 480,\r\n\t\t\t\t\t\t\t\tsettings: {\r\n\t\t\t\t\t\t\t\t\tslidesToShow: 1,\r\n\t\t\t\t\t\t\t\t\tslidesToScroll: 1,\r\n\t\t\t\t\t\t\t\t}\r\n\t\t\t\t\t\t\t},]});\r\n\t\t\t\t\t\t\t$(\"head\").append(\"<style>#dfd-carousel-6a096ddf81ec1 .dfd-arrows-style_3 .dfd-slider-control:after, #dfd-carousel-6a096ddf81ec1 .dfd-arrows-style_4 .dfd-slider-control:after, #dfd-carousel-6a096ddf81ec1 .dfd-arrows-style_5 .dfd-slider-control {background: #c4c4c4}#dfd-carousel-6a096ddf81ec1 > .dfd-carousel-module-wrapper > .dfd-carousel > .slick-list > .slick-track > .dfd-item-wrap > .cover {padding: 10px;}#dfd-carousel-6a096ddf81ec1 {margin: -10px;}<\/style>\")\t\t\t\t\t\t});\r\n\t\t\t\t\t})(jQuery);\r\n\t\t\t\t<\/script>\r\n            <\/div>[\/vc_column][\/vc_row]<\/p>\n<\/section>","protected":false},"excerpt":{"rendered":"<p>[vc_row force_equal_height_columns=\u00bbmain_row\u00bb align_content_vertically=\u00bboff\u00bb][vc_column width=\u00bb1\/2&#8243; css=\u00bb.vc_custom_1498818304835{padding-right: 5% !important;padding-left: 5% !important;background-color: #d8d8d8 !important;}\u00bb][vc_single_image image=\u00bb18113&#8243; img_size=\u00bb\u00bb css=\u00bb.vc_custom_1498822687562{padding-bottom: 5px !important;padding-left: 20px !important;}\u00bb][vc_single_image image=\u00bb18114&#8243; img_size=\u00bb\u00bb css=\u00bb.vc_custom_1498821256357{padding-top: 3px !important;padding-left: 20px !important;}\u00bb][\/vc_column][vc_column width=\u00bb1\/2&#8243; css=\u00bb.vc_custom_1499615531748{padding-right: 5% !important;padding-left: 5%<\/p>\n","protected":false},"author":1,"featured_media":0,"parent":18185,"menu_order":0,"comment_status":"open","ping_status":"closed","template":"page-custom-with-header.php","meta":{"_mi_skip_tracking":false,"_monsterinsights_sitenote_active":false,"_monsterinsights_sitenote_note":"","_monsterinsights_sitenote_category":0,"footnotes":""},"acf":[],"yoast_head":"<!-- This site is optimized with the Yoast SEO plugin v21.1 - https:\/\/yoast.com\/wordpress\/plugins\/seo\/ -->\n<title>Accesibilidad - Arana San Sebasti\u00e1n<\/title>\n<meta name=\"robots\" content=\"index, follow, max-snippet:-1, max-image-preview:large, max-video-preview:-1\" \/>\n<link rel=\"canonical\" href=\"https:\/\/aranaarquitectos.com\/index.php\/comunidades-administracion-fincas\/accesibilidad-2\/\" \/>\n<meta property=\"og:locale\" content=\"es_ES\" \/>\n<meta property=\"og:type\" content=\"article\" \/>\n<meta property=\"og:title\" content=\"Accesibilidad - Arana San Sebasti\u00e1n\" \/>\n<meta property=\"og:description\" content=\"[vc_row force_equal_height_columns=\u00bbmain_row\u00bb align_content_vertically=\u00bboff\u00bb][vc_column width=\u00bb1\/2&#8243; css=\u00bb.vc_custom_1498818304835{padding-right: 5% !important;padding-left: 5% !important;background-color: #d8d8d8 !important;}\u00bb][vc_single_image image=\u00bb18113&#8243; img_size=\u00bb\u00bb css=\u00bb.vc_custom_1498822687562{padding-bottom: 5px !important;padding-left: 20px !important;}\u00bb][vc_single_image image=\u00bb18114&#8243; img_size=\u00bb\u00bb css=\u00bb.vc_custom_1498821256357{padding-top: 3px !important;padding-left: 20px !important;}\u00bb][\/vc_column][vc_column width=\u00bb1\/2&#8243; css=\u00bb.vc_custom_1499615531748{padding-right: 5% !important;padding-left: 5%\" \/>\n<meta property=\"og:url\" content=\"https:\/\/aranaarquitectos.com\/index.php\/comunidades-administracion-fincas\/accesibilidad-2\/\" \/>\n<meta property=\"og:site_name\" content=\"Arana San Sebasti\u00e1n\" \/>\n<meta property=\"article:modified_time\" content=\"2023-09-18T20:17:44+00:00\" \/>\n<meta name=\"twitter:card\" content=\"summary_large_image\" \/>\n<meta name=\"twitter:label1\" content=\"Tiempo de lectura\" \/>\n\t<meta name=\"twitter:data1\" content=\"2 minutos\" \/>\n<script type=\"application\/ld+json\" class=\"yoast-schema-graph\">{\"@context\":\"https:\/\/schema.org\",\"@graph\":[{\"@type\":\"WebPage\",\"@id\":\"https:\/\/aranaarquitectos.com\/index.php\/comunidades-administracion-fincas\/accesibilidad-2\/\",\"url\":\"https:\/\/aranaarquitectos.com\/index.php\/comunidades-administracion-fincas\/accesibilidad-2\/\",\"name\":\"Accesibilidad - Arana San Sebasti\u00e1n\",\"isPartOf\":{\"@id\":\"https:\/\/aranaarquitectos.com\/#website\"},\"datePublished\":\"2017-07-09T16:10:16+00:00\",\"dateModified\":\"2023-09-18T20:17:44+00:00\",\"breadcrumb\":{\"@id\":\"https:\/\/aranaarquitectos.com\/index.php\/comunidades-administracion-fincas\/accesibilidad-2\/#breadcrumb\"},\"inLanguage\":\"es\",\"potentialAction\":[{\"@type\":\"ReadAction\",\"target\":[\"https:\/\/aranaarquitectos.com\/index.php\/comunidades-administracion-fincas\/accesibilidad-2\/\"]}]},{\"@type\":\"BreadcrumbList\",\"@id\":\"https:\/\/aranaarquitectos.com\/index.php\/comunidades-administracion-fincas\/accesibilidad-2\/#breadcrumb\",\"itemListElement\":[{\"@type\":\"ListItem\",\"position\":1,\"name\":\"Portada\",\"item\":\"https:\/\/aranaarquitectos.com\/\"},{\"@type\":\"ListItem\",\"position\":2,\"name\":\"Comunidades y administraci\u00f3n de fincas\",\"item\":\"https:\/\/aranaarquitectos.com\/index.php\/comunidades-administracion-fincas\/\"},{\"@type\":\"ListItem\",\"position\":3,\"name\":\"Accesibilidad\"}]},{\"@type\":\"WebSite\",\"@id\":\"https:\/\/aranaarquitectos.com\/#website\",\"url\":\"https:\/\/aranaarquitectos.com\/\",\"name\":\"Arana San Sebasti\u00e1n\",\"description\":\"Arquitectos\",\"potentialAction\":[{\"@type\":\"SearchAction\",\"target\":{\"@type\":\"EntryPoint\",\"urlTemplate\":\"https:\/\/aranaarquitectos.com\/?s={search_term_string}\"},\"query-input\":\"required name=search_term_string\"}],\"inLanguage\":\"es\"}]}<\/script>\n<!-- \/ Yoast SEO plugin. -->","yoast_head_json":{"title":"Accesibilidad - Arana San Sebasti\u00e1n","robots":{"index":"index","follow":"follow","max-snippet":"max-snippet:-1","max-image-preview":"max-image-preview:large","max-video-preview":"max-video-preview:-1"},"canonical":"https:\/\/aranaarquitectos.com\/index.php\/comunidades-administracion-fincas\/accesibilidad-2\/","og_locale":"es_ES","og_type":"article","og_title":"Accesibilidad - Arana San Sebasti\u00e1n","og_description":"[vc_row force_equal_height_columns=\u00bbmain_row\u00bb align_content_vertically=\u00bboff\u00bb][vc_column width=\u00bb1\/2&#8243; css=\u00bb.vc_custom_1498818304835{padding-right: 5% !important;padding-left: 5% !important;background-color: #d8d8d8 !important;}\u00bb][vc_single_image image=\u00bb18113&#8243; img_size=\u00bb\u00bb css=\u00bb.vc_custom_1498822687562{padding-bottom: 5px !important;padding-left: 20px !important;}\u00bb][vc_single_image image=\u00bb18114&#8243; img_size=\u00bb\u00bb css=\u00bb.vc_custom_1498821256357{padding-top: 3px !important;padding-left: 20px !important;}\u00bb][\/vc_column][vc_column width=\u00bb1\/2&#8243; css=\u00bb.vc_custom_1499615531748{padding-right: 5% !important;padding-left: 5%","og_url":"https:\/\/aranaarquitectos.com\/index.php\/comunidades-administracion-fincas\/accesibilidad-2\/","og_site_name":"Arana San Sebasti\u00e1n","article_modified_time":"2023-09-18T20:17:44+00:00","twitter_card":"summary_large_image","twitter_misc":{"Tiempo de lectura":"2 minutos"},"schema":{"@context":"https:\/\/schema.org","@graph":[{"@type":"WebPage","@id":"https:\/\/aranaarquitectos.com\/index.php\/comunidades-administracion-fincas\/accesibilidad-2\/","url":"https:\/\/aranaarquitectos.com\/index.php\/comunidades-administracion-fincas\/accesibilidad-2\/","name":"Accesibilidad - Arana San Sebasti\u00e1n","isPartOf":{"@id":"https:\/\/aranaarquitectos.com\/#website"},"datePublished":"2017-07-09T16:10:16+00:00","dateModified":"2023-09-18T20:17:44+00:00","breadcrumb":{"@id":"https:\/\/aranaarquitectos.com\/index.php\/comunidades-administracion-fincas\/accesibilidad-2\/#breadcrumb"},"inLanguage":"es","potentialAction":[{"@type":"ReadAction","target":["https:\/\/aranaarquitectos.com\/index.php\/comunidades-administracion-fincas\/accesibilidad-2\/"]}]},{"@type":"BreadcrumbList","@id":"https:\/\/aranaarquitectos.com\/index.php\/comunidades-administracion-fincas\/accesibilidad-2\/#breadcrumb","itemListElement":[{"@type":"ListItem","position":1,"name":"Portada","item":"https:\/\/aranaarquitectos.com\/"},{"@type":"ListItem","position":2,"name":"Comunidades y administraci\u00f3n de fincas","item":"https:\/\/aranaarquitectos.com\/index.php\/comunidades-administracion-fincas\/"},{"@type":"ListItem","position":3,"name":"Accesibilidad"}]},{"@type":"WebSite","@id":"https:\/\/aranaarquitectos.com\/#website","url":"https:\/\/aranaarquitectos.com\/","name":"Arana San Sebasti\u00e1n","description":"Arquitectos","potentialAction":[{"@type":"SearchAction","target":{"@type":"EntryPoint","urlTemplate":"https:\/\/aranaarquitectos.com\/?s={search_term_string}"},"query-input":"required name=search_term_string"}],"inLanguage":"es"}]}},"_links":{"self":[{"href":"https:\/\/aranaarquitectos.com\/index.php\/wp-json\/wp\/v2\/pages\/18327"}],"collection":[{"href":"https:\/\/aranaarquitectos.com\/index.php\/wp-json\/wp\/v2\/pages"}],"about":[{"href":"https:\/\/aranaarquitectos.com\/index.php\/wp-json\/wp\/v2\/types\/page"}],"author":[{"embeddable":true,"href":"https:\/\/aranaarquitectos.com\/index.php\/wp-json\/wp\/v2\/users\/1"}],"replies":[{"embeddable":true,"href":"https:\/\/aranaarquitectos.com\/index.php\/wp-json\/wp\/v2\/comments?post=18327"}],"version-history":[{"count":7,"href":"https:\/\/aranaarquitectos.com\/index.php\/wp-json\/wp\/v2\/pages\/18327\/revisions"}],"predecessor-version":[{"id":18920,"href":"https:\/\/aranaarquitectos.com\/index.php\/wp-json\/wp\/v2\/pages\/18327\/revisions\/18920"}],"up":[{"embeddable":true,"href":"https:\/\/aranaarquitectos.com\/index.php\/wp-json\/wp\/v2\/pages\/18185"}],"wp:attachment":[{"href":"https:\/\/aranaarquitectos.com\/index.php\/wp-json\/wp\/v2\/media?parent=18327"}],"curies":[{"name":"wp","href":"https:\/\/api.w.org\/{rel}","templated":true}]}}